{"id":3939,"date":"2013-12-12T15:36:16","date_gmt":"2013-12-12T15:36:16","guid":{"rendered":"http:\/\/blog.tigaiga.com\/de\/?page_id=3939"},"modified":"2022-04-13T16:36:14","modified_gmt":"2022-04-13T15:36:14","slug":"nutzungserklarung-cookies","status":"publish","type":"page","link":"https:\/\/backupblog.tigaiga.com\/de\/nutzungserklarung-cookies\/","title":{"rendered":"Nutzungserkl\u00e4rung Cookies"},"content":{"rendered":"<div id=\"cookies-policy\">\n<h2><span style=\"font-size: 1.17em;\">Was ist ein Cookie?<\/span><\/h2>\n<div class=\"cookies-policy-section\">\n<div class=\"cps-info\">\n<p>Cookies sind Dateien, die beim Zugriff auf bestimmte Webseiten auf die Endger\u00e4te (Computer\/Smartphone\/Tablet-PC) der Benutzer heruntergeladen werden und die sich auf diesen abspeichern. Die Cookies erlauben, unter anderem, das Abspeichern und Einholen von Informationen \u00fcber Surfgewohnheiten der Benutzer oder des Teams, welche Webseiten besucht werden, die Dauer der Verbindung, Analysen \u00fcber die Funktionalit\u00e4t der Webseiten, ob technische Probleme vorliegen, etc. Abh\u00e4ngig von der Information, die sie beinhalten und der Form, wie das Endger\u00e4t genutzt wird, k\u00f6nnen die Cookies auch genutzt werden, um Benutzer wiederzuerkennen.<\/p>\n<\/div>\n<\/div>\n<div class=\"cookies-policy-section\">\n<h3>Welche verschiedenen Arten von Cookies gibt es?<\/h3>\n<div class=\"cps-info\">\n<p>Es gibt verschiedene Arten von Cookies, abh\u00e4ngig von verschiedenen Funktionen und Kriterien:<\/p>\n<p>Basierend auf dem Eigentum:<\/p>\n<ul>\n<li>Eigene Cookies: Cookies, die der Firma selber geh\u00f6ren.<\/li>\n<li>Cookies Dritter: Cookies, die einer dritten Firma geh\u00f6ren, die die erhaltene Informationen verarbeitet.<\/li>\n<\/ul>\n<p>&nbsp;<\/p>\n<p>Basierend auf dem Ziel\/Zweck:<\/p>\n<ul>\n<li>Technische und\/oder personalisierte Cookies: Cookies die daf\u00fcr da sind, den Service zu verbessern, die ausgew\u00e4hlte Sprache zu speichern, den Benutzer wiederzuerkennen, etc.<\/li>\n<li>Analysierende Cookies oder Cookies f\u00fcr Werbung: Cookies die die Informationen \u00fcber das Surfverhalten analysieren und personalisierte oder allgemeine Werbung anbieten.<\/li>\n<li>Cookies sozialer Netzwerke: Cookies, die die &#8220;Gef\u00e4llt mir&#8221; und &#8220;Teilen&#8221; Kn\u00f6pfe in den verschiedenen sozialen Netzwerken erm\u00f6glichen.<\/li>\n<\/ul>\n<\/div>\n<\/div>\n<div class=\"cookies-policy-section\">\n<h3>F\u00fcr was werden Cookies benutzt?<\/h3>\n<div class=\"cps-info\">\n<p>Cookies werden benutzt, um Ihnen Services und\/oder personalisierte Werbung anbieten zu k\u00f6nnen, um die Funktionalit\u00e4t des Systems zu pr\u00fcfen oder um Sie wiederzuerkennen, wenn Sie sich als Benutzer anmelden. So k\u00f6nnen die Cookies Benutzung und die Aktivit\u00e4t der Seite messen und analysieren.<\/p>\n<\/div>\n<\/div>\n<div class=\"cookies-policy-section\">\n<h3>Ist mein Eninverst\u00e4ndnis n\u00f6tig, um einen Cookie zu installieren?<\/h3>\n<div class=\"cps-info\">\n<p>Ihr Einverst\u00e4ndnis ist f\u00fcr unbedingt n\u00f6tige oder rein technische Cookies nicht n\u00f6tig, wenn diese f\u00fcr die Leistung der Webseite unbedingt n\u00f6tig sind.<\/p>\n<p>F\u00fcr alle anderen Cookies ist ihr Einverst\u00e4ndnis allerdings n\u00f6tig, welches auf verschiedene Art und Weisen erkl\u00e4rt werden kann. Im Fall dieser Firma, erkl\u00e4ren Sie sich dann als einverstanden mit den Cookies, wenn Sie fortfahren die Webseite zu benutzen. Sie k\u00f6nnen jedoch nat\u00fcrlich dieses Einverst\u00e4ndnis jederzeit widerrufen und die Cookies desaktivieren.<\/p>\n<\/div>\n<\/div>\n<div class=\"cookies-policy-section\">\n<h3>Welche Cookies werden aktuell auf dieser Webseite benutzt?<\/h3>\n<div class=\"cps-info\">\n<p><span class=\"cps-italic\">Technische Cookies:<\/span> Die technischen Cookies dieser Webseite sind die Cookies dieser Firma, Der aktuellen Sitzung, f\u00fcr Konfiguration und Registrierung. Sie sind unbedingt notwendig, um die Benutzer wiederzuerkennen und um die volle Leistung der Services zu gew\u00e4hrleisten. Die von den Cookies erfasste Information wird ausschlie\u00dflich von dieser Firma genutzt.<\/p>\n<p>&nbsp;<\/p>\n<p><span class=\"cps-italic\">Analysierende Cookies:<\/span> Diese Cookies erlauben es uns, Informationen \u00fcber die Anzahl der Benutzer zu sammeln, die nat\u00fcrlich vertraulich behandelt werden. Dadurch k\u00f6nnen wir messen und statistisch analysieren, welche angebotenen Services die Benutzer nutzen. Daf\u00fcr wird das Surfverhalten auf unserer Webseite analysiert, mit dem Ziel unsere angebotenen Services und Produkte zu ihren Gunsten zu verbessern.<\/p>\n<p>&nbsp;<\/p>\n<p>Die durch die analysierenden Cookies erhaltene Information wir von dieser Firma und Dritten genutzt. (<a href=\"http:\/\/www.google.es\/intl\/es\/analytics\/\" target=\"_blank\" rel=\"noopener noreferrer\">Google<\/a>)<\/p>\n<p>Der Name des Analyse Cookies, das von Dritten benutzt wird, ist &#8220;Google Analytics&#8221;<\/p>\n<p>Google gew\u00e4hrt uns den Analyseservice f\u00fcr die messung von Besuchen unserer Webseite und kann somit diese Daten ebenfalls benutzen, um eigene Services zu verbessern und um anderen Firmen Services anzubieten.<\/p>\n<p>Sie k\u00f6nnen sich \u00fcber diese und andere Anwendungen in den folgenden Links informieren.<\/p>\n<p>&nbsp;<\/p>\n<p>Dieses Tool erh\u00e4lt weder die Daten der Vor- und Nachnamen der Benutzer noch die Adresse von der aus sie mit der Internetseite verbunden sind. Die verwendeten Daten beziehen sich auf die Anzahl der besuchten Webseiten, die gew\u00e4hlte Sprache, das soziale Netzwerk in dem wir unsere Nachrichten ver\u00f6ffentlichen, die Stadt, in der ihre IP-Adresse angemeldet ist, die Anzahl der Besucher unserer Webseite, die H\u00e4ufigkeit und Wiederholung der Besuche, die Dauer der Besuche, den Browser und das Betriebssystem oder Endger\u00e4t, was sie benutzen.<\/p>\n<p>&nbsp;<\/p>\n<p>Wir benutzen diese Informationen, um unsere Webseite zu verbessern, um neuen Bedarf zu entdecken und um die Ver\u00e4nderungen, mit dem Ziel der Verbesserung unserer Services f\u00fcr unsere Benutzer, zu bewerten.<\/p>\n<p>&nbsp;<\/p>\n<p><span class=\"cps-italic\">COOKIES F\u00dcR SOZIALE NETZWERKE:<\/span> Cookies, die die Kn\u00f6pfe \u201eGef\u00e4llt mir\u201c und \u201eTeilen\u201c in den verschiedenen sozialen Netzwerken erm\u00f6glichen.<\/p>\n<p>Die Information, die von den sozialen Netzwerken erhalten wird, wird von <a href=\"https:\/\/www.facebook.com\/about\/privacy\/your-info-on-other#socialplugin\" target=\"_blank\" rel=\"noopener noreferrer\">Facebook<\/a> und <a href=\"https:\/\/twitter.com\/privacy\" target=\"_blank\" rel=\"noopener noreferrer\">Twitter<\/a> bearbeitet.<\/p>\n<\/div>\n<\/div>\n<div class=\"cookies-policy-section\">\n<h3>Wie k\u00f6nnen Sie die Cookies desaktivieren?<\/h3>\n<div class=\"cps-info\">\n<p>Die meisten Browser haben eine Einstellung, die ihnen erm\u00f6glicht, den Browser zu konfigurieren, so dass er keine Cookies akzeptiert, so dass Sie jedes mal beim Erhalt eines neuen Cookies informiert oder alle Cookies komplett desaktiviert werden. Um zu kontrollieren, wie mit ihren Daten umgegangen wird, k\u00f6nnen Sie den Browser nach ihren Vorstellungen konfigurieren.<\/p>\n<p>In jedem Fall m\u00f6chten wir Sie darauf hinweisen, dass die Qualit\u00e4t der Webseite verschlechtert wird, wenn Sie die technischen und funktionalen Cookies desaktivieren und dass einige Anwendungen nicht mehr richtig funktionieren k\u00f6nnten.<\/p>\n<p>&nbsp;<\/p>\n<p>In den folgenden Links k\u00f6nnen Sie mehr Informationen \u00fcber die verschiedenen Browser finden:<\/p>\n<ul>\n<li><a href=\"http:\/\/support.google.com\/chrome\/bin\/answer.py?hl=es&amp;answer=95647\" target=\"_blank\" rel=\"noopener noreferrer\">Chrome<\/a><\/li>\n<li><a href=\"http:\/\/support.mozilla.org\/es\/kb\/habilitar-y-deshabilitar-cookies-que-los-sitios-we\" target=\"_blank\" rel=\"noopener noreferrer\">Firefox<\/a><\/li>\n<li><a href=\"http:\/\/windows.microsoft.com\/es-es\/windows7\/how-to-manage-cookies-in-internet-explorer-9\" target=\"_blank\" rel=\"noopener noreferrer\">Explorer<\/a><\/li>\n<li><a href=\"http:\/\/support.apple.com\/kb\/ph5042\" target=\"_blank\" rel=\"noopener noreferrer\">Safari<\/a><\/li>\n<\/ul>\n<\/div>\n<\/div>\n<\/div>\n","protected":false},"excerpt":{"rendered":"<p>Was ist ein Cookie? Cookies sind Dateien, die beim Zugriff auf bestimmte Webseiten auf die Endger\u00e4te (Computer\/Smartphone\/Tablet-PC) der Benutzer heruntergeladen werden und die sich auf diesen abspeichern. Die Cookies erlauben, unter anderem, das Abspeichern und Einholen von Informationen \u00fcber Surfgewohnheiten der Benutzer oder des Teams, welche Webseiten besucht werden, die Dauer der Verbindung, Analysen \u00fcber<span class=\"readmore\"><a href=\"https:\/\/backupblog.tigaiga.com\/de\/nutzungserklarung-cookies\/\" class=\"more-link\">Continue Reading<span class=\"screen-reader-text\"> &#8220;Nutzungserkl\u00e4rung Cookies&#8221;<\/span><\/a><\/span><\/p>\n","protected":false},"author":3,"featured_media":0,"parent":0,"menu_order":0,"comment_status":"open","ping_status":"open","template":"","meta":{"_s2mail":"","footnotes":""},"class_list":["post-3939","page","type-page","status-publish","hentry"],"_links":{"self":[{"href":"https:\/\/backupblog.tigaiga.com\/de\/wp-json\/wp\/v2\/pages\/3939","targetHints":{"allow":["GET"]}}],"collection":[{"href":"https:\/\/backupblog.tigaiga.com\/de\/wp-json\/wp\/v2\/pages"}],"about":[{"href":"https:\/\/backupblog.tigaiga.com\/de\/wp-json\/wp\/v2\/types\/page"}],"author":[{"embeddable":true,"href":"https:\/\/backupblog.tigaiga.com\/de\/wp-json\/wp\/v2\/users\/3"}],"replies":[{"embeddable":true,"href":"https:\/\/backupblog.tigaiga.com\/de\/wp-json\/wp\/v2\/comments?post=3939"}],"version-history":[{"count":2,"href":"https:\/\/backupblog.tigaiga.com\/de\/wp-json\/wp\/v2\/pages\/3939\/revisions"}],"predecessor-version":[{"id":6753,"href":"https:\/\/backupblog.tigaiga.com\/de\/wp-json\/wp\/v2\/pages\/3939\/revisions\/6753"}],"wp:attachment":[{"href":"https:\/\/backupblog.tigaiga.com\/de\/wp-json\/wp\/v2\/media?parent=3939"}],"curies":[{"name":"wp","href":"https:\/\/api.w.org\/{rel}","templated":true}]}}