{"id":53,"date":"2008-03-08T12:05:43","date_gmt":"2008-03-08T12:05:43","guid":{"rendered":"http:\/\/de.tigaiga50.com\/herzlichen-dank\/"},"modified":"2025-04-28T11:44:11","modified_gmt":"2025-04-28T10:44:11","slug":"herzlichen-dank","status":"publish","type":"page","link":"https:\/\/backupblog.tigaiga.com\/de\/herzlichen-dank\/","title":{"rendered":"Willkommen \/ G\u00e4stebuch \/ Beitr\u00e4ge"},"content":{"rendered":"<p><img loading=\"lazy\" decoding=\"async\" class=\"alignright wp-image-6738 \" src=\"https:\/\/blog.tigaiga.com\/de\/wp-content\/uploads\/2022\/04\/Tigaiga-Team-1024x683.jpg\" sizes=\"auto, (max-width: 393px) 100vw, 393px\" srcset=\"https:\/\/blog.tigaiga.com\/de\/wp-content\/uploads\/2022\/04\/Tigaiga-Team-1024x683.jpg 1024w, https:\/\/blog.tigaiga.com\/de\/wp-content\/uploads\/2022\/04\/Tigaiga-Team-300x200.jpg 300w, https:\/\/blog.tigaiga.com\/de\/wp-content\/uploads\/2022\/04\/Tigaiga-Team-768x512.jpg 768w, https:\/\/blog.tigaiga.com\/de\/wp-content\/uploads\/2022\/04\/Tigaiga-Team.jpg 1280w\" alt=\"\" width=\"283\" height=\"188\"><\/p>\n<p><strong>Tigaiga &#8211; \u00dcber 65 Jahre lebendige Gastfreundschaft<\/strong><\/p>\n<p>Tigaiga ist nun bereits \u00fcber 65 Jahre jung!<\/p>\n<p>Wenn wir zur\u00fcckblicken, erkennen wir den Weg, der vor uns liegt. Dank Ihnen, liebe G\u00e4ste, k\u00f6nnen wir auf eine lange Tradition lebendiger Gastfreundschaft zur\u00fcckblicken. Wir freuen uns darauf, auch in Zukunft alles daranzusetzen, damit Ihr Tigaiga-Urlaub zu einem pers\u00f6nlichen Erlebnis wird.<\/p>\n<p>Familie Enrique Talg &amp; das gesamte Tigaiga-Team<\/p>\n<p>Herzlichen Dank f\u00fcr Ihre Besuche, f\u00fcr Ihre Erinnerungen und f\u00fcr Ihre wertvollen Beitr\u00e4ge.<\/p>\n<p style=\"text-align: left;\">\n<p align=\"center\"><strong><span style=\"color: #ff6600;\">&nbsp;<\/span><\/strong><\/p>\n<p align=\"center\">\n","protected":false},"excerpt":{"rendered":"<p>Tigaiga &#8211; \u00dcber 65 Jahre lebendige Gastfreundschaft Tigaiga ist nun bereits \u00fcber 65 Jahre jung! Wenn wir zur\u00fcckblicken, erkennen wir den Weg, der vor uns liegt. Dank Ihnen, liebe G\u00e4ste, k\u00f6nnen wir auf eine lange Tradition lebendiger Gastfreundschaft zur\u00fcckblicken. Wir freuen uns darauf, auch in Zukunft alles daranzusetzen, damit Ihr Tigaiga-Urlaub zu einem pers\u00f6nlichen Erlebnis<span class=\"readmore\"><a href=\"https:\/\/backupblog.tigaiga.com\/de\/herzlichen-dank\/\" class=\"more-link\">Continue Reading<span class=\"screen-reader-text\"> &#8220;Willkommen \/ G\u00e4stebuch \/ Beitr\u00e4ge&#8221;<\/span><\/a><\/span><\/p>\n","protected":false},"author":2,"featured_media":0,"parent":0,"menu_order":0,"comment_status":"open","ping_status":"open","template":"","meta":{"_s2mail":"","footnotes":""},"class_list":["post-53","page","type-page","status-publish","hentry"],"_links":{"self":[{"href":"https:\/\/backupblog.tigaiga.com\/de\/wp-json\/wp\/v2\/pages\/53","targetHints":{"allow":["GET"]}}],"collection":[{"href":"https:\/\/backupblog.tigaiga.com\/de\/wp-json\/wp\/v2\/pages"}],"about":[{"href":"https:\/\/backupblog.tigaiga.com\/de\/wp-json\/wp\/v2\/types\/page"}],"author":[{"embeddable":true,"href":"https:\/\/backupblog.tigaiga.com\/de\/wp-json\/wp\/v2\/users\/2"}],"replies":[{"embeddable":true,"href":"https:\/\/backupblog.tigaiga.com\/de\/wp-json\/wp\/v2\/comments?post=53"}],"version-history":[{"count":20,"href":"https:\/\/backupblog.tigaiga.com\/de\/wp-json\/wp\/v2\/pages\/53\/revisions"}],"predecessor-version":[{"id":7383,"href":"https:\/\/backupblog.tigaiga.com\/de\/wp-json\/wp\/v2\/pages\/53\/revisions\/7383"}],"wp:attachment":[{"href":"https:\/\/backupblog.tigaiga.com\/de\/wp-json\/wp\/v2\/media?parent=53"}],"curies":[{"name":"wp","href":"https:\/\/api.w.org\/{rel}","templated":true}]}}