{"id":3436,"date":"2013-12-12T15:32:42","date_gmt":"2013-12-12T15:32:42","guid":{"rendered":"http:\/\/blog.tigaiga.com\/es\/?page_id=3436"},"modified":"2013-12-12T15:32:42","modified_gmt":"2013-12-12T15:32:42","slug":"politica-de-cookies","status":"publish","type":"page","link":"https:\/\/backupblog.tigaiga.com\/es\/politica-de-cookies\/","title":{"rendered":"Pol\u00edtica de cookies"},"content":{"rendered":"<div id=\"cookies-policy\">\n<h2><span style=\"font-size: 1.17em;\">\u00bfQu\u00e9 es una cookie?<\/span><\/h2>\n<div class=\"cookies-policy-section\">\n<div class=\"cps-info\">\n<p>Las cookies son ficheros que se descargan en el terminal (ordenador\/smartphone\/tablet) del usuario al acceder a determinadas p\u00e1ginas web y que se almacenan en la memoria del mismo. Las cookies permiten, entre otras cosas, almacenar y recuperar informaci\u00f3n sobre los h\u00e1bitos de navegaci\u00f3n de un usuario o de su equipo, ver qu\u00e9 p\u00e1ginas se visitan, el tiempo de conexi\u00f3n, analizar el funcionamiento de una p\u00e1gina, si existen problemas t\u00e9cnicos, etc. Dependiendo de la informaci\u00f3n que contengan y la forma en que se utilice el terminal, pueden utilizarse para reconocer al usuario.<\/p>\n<\/div>\n<\/div>\n<div class=\"cookies-policy-section\">\n<h3>\u00bfQu\u00e9 tipos de cookies existen?<\/h3>\n<div class=\"cps-info\">\n<p>Existen varios tipos de cookies en funci\u00f3n de distintos criterios:<\/p>\n<p>En funci\u00f3n de la titularidad:<\/p>\n<ul>\n<li>Cookies propias. Son las que pertenecen a \u00e9sta empresa.<\/li>\n<li>Cookies de terceros. Son aquellas cuya titularidad es de un tercero, que ser\u00e1 quien trate la informaci\u00f3n recabada.<\/li>\n<\/ul>\n<p>&nbsp;<\/p>\n<p>En funci\u00f3n de su finalidad:<\/p>\n<ul>\n<li>Cookies t\u00e9cnicas y\/o de personalizaci\u00f3n. Son aqu\u00e9llas que sirven para mejorar el servicio, recordar el idioma seleccionado en la web, reconocer al usuario, etc.<\/li>\n<li>Cookies de an\u00e1lisis y\/o de publicidad. Son aqu\u00e9llas que sirven para analizar informaci\u00f3n sobre la navegaci\u00f3n y ofrecer publicidad, sea gen\u00e9rica o personalizada.<\/li>\n<li>Cookies de complementos sociales. Son aqu\u00e9llas que sirven para habilitar los botones de &#8220;compartir&#8221; o &#8220;me gusta&#8221; de las diferentes redes sociales.<\/li>\n<\/ul>\n<\/div>\n<\/div>\n<div class=\"cookies-policy-section\">\n<h3>\u00bfPara qu\u00e9 sirve una cookie?<\/h3>\n<div class=\"cps-info\">\n<p>Las cookies se utilizan para poder ofrecerle servicios y\/o publicidad personalizados, para analizar el funcionamiento del sistema, reconocerle cuando accede como usuario, as\u00ed como analizar y medir el uso y actividad de la p\u00e1gina web.<\/p>\n<\/div>\n<\/div>\n<div class=\"cookies-policy-section\">\n<h3>\u00bfSe necesita mi consentimiento para implantar una cookie?<\/h3>\n<div class=\"cps-info\">\n<p>No se precisa el consentimiento para la instalaci\u00f3n de cookies t\u00e9cnicas o las que sean estrictamente necesarias para la prestaci\u00f3n de un servicio de la sociedad de la informaci\u00f3n expresamente solicitado por el destinatario.<\/p>\n<p>Para el resto, s\u00ed se precisa del consentimiento del interesado que se puede solicitar por distintas v\u00edas. En el caso de \u00e9sta empresa, se entender\u00e1 otorgado si Vd. sigue utilizando la p\u00e1gina web, sin perjuicio de que en cualquier momento podr\u00e1 revocarlo y desactivar las cookies.<\/p>\n<\/div>\n<\/div>\n<div class=\"cookies-policy-section\">\n<h3>\u00bfQu\u00e9 cookies utiliza actualmente \u00e9sta web?<\/h3>\n<div class=\"cps-info\">\n<p><span class=\"cps-italic\">T\u00c9CNICAS:<\/span> Son cookies PROPIAS, de sesi\u00f3n, de identificaci\u00f3n, de configuraci\u00f3n y de registro, estrictamente necesarias para la identificaci\u00f3n del usuario y para la prestaci\u00f3n de los servicios solicitados por el usuario. La informaci\u00f3n obtenida a trav\u00e9s de las mismas es tratada \u00fanicamente por \u00e9sta empresa.<\/p>\n<p>&nbsp;<\/p>\n<p><span class=\"cps-italic\">DE AN\u00c1LISIS:<\/span> Son aqu\u00e9llas que, bien tratadas por nosotros o por terceros, nos permiten cuantificar el n\u00famero de usuarios y as\u00ed realizar la medici\u00f3n y an\u00e1lisis estad\u00edstico de la utilizaci\u00f3n que hacen los usuarios del servicio ofertado. Para ello se analiza su navegaci\u00f3n en nuestra p\u00e1gina web con el fin de mejorar la oferta de productos o servicios que le ofrecemos.<\/p>\n<p>&nbsp;<\/p>\n<p>La informaci\u00f3n obtenida por las cookies de an\u00e1lisis es tratada por \u00e9sta empresa y por terceros (<a href=\"http:\/\/www.google.es\/intl\/es\/analytics\/\" target=\"_blank\">Google<\/a>)<\/p>\n<p>Nombre de la cookie de an\u00e1lisis utilizada por dichos terceros: &#8220;Google Analytics&#8221;<\/p>\n<p>Google nos presta el servicio de an\u00e1lisis de visitas a nuestra p\u00e1gina y puede utilizar estos datos para mejorar sus propios servicios y para ofrecer servicios a otras empresas.<\/p>\n<p>Puede conocer estos y otros usos desde los enlaces indicados.<\/p>\n<p>&nbsp;<\/p>\n<p>\u00c9sta herramienta no obtiene datos de los nombres o apellidos de los usuarios ni de la direcci\u00f3n postal desde donde se conectan. La informaci\u00f3n que obtiene est\u00e1 relacionada con, el n\u00famero de p\u00e1ginas visitadas, el idioma, red social en la que se publican nuestras noticias, la ciudad a la que est\u00e1 asignada la direcci\u00f3n IP desde la que acceden los usuarios, el n\u00famero de usuarios que nos visitan, la frecuencia y reincidencia de las visitas, el tiempo de visita, el navegador que usan, el operador o tipo de terminal desde el que se realiza la visita.<\/p>\n<p>&nbsp;<\/p>\n<p>\u00c9sta informaci\u00f3n la utilizamos para mejorar nuestra p\u00e1gina, detectar nuevas necesidades y valorar las mejoras a introducir con la finalidad de prestar un mejor servicio a los usuarios que nos visitan.<\/p>\n<p>&nbsp;<\/p>\n<p><span class=\"cps-italic\">COMPLEMENTOS SOCIALES:<\/span> Son aqu\u00e9llas que sirven para habilitar los botones de &#8220;compartir&#8221; o &#8220;me gusta&#8221; de las diferentes redes sociales.<\/p>\n<p>La informaci\u00f3n obtenida por las cookies de complementos sociales es tratada por <a href=\"https:\/\/www.facebook.com\/about\/privacy\/your-info-on-other#socialplugin\" target=\"_blank\">Facebook<\/a> y <a href=\"https:\/\/twitter.com\/privacy\" target=\"_blank\">Twitter<\/a><\/p>\n<\/div>\n<\/div>\n<div class=\"cookies-policy-section\">\n<h3>\u00bfC\u00f3mo puedo desactivar las cookies?<\/h3>\n<div class=\"cps-info\">\n<p>La mayor\u00eda de los navegadores indican c\u00f3mo configurar su navegador para que no acepte cookies, para que le notifique cada vez que reciba una nueva cookie, as\u00ed como para desactivarlas completamente. Para controlar qu\u00e9 uso quiere que se haga de su informaci\u00f3n, puede configurar el navegador de su terminal en la forma que estime m\u00e1s conveniente para Vd.<\/p>\n<p>En todo caso, le hacemos notar que si se desactivan las cookies t\u00e9cnicas y\/o de funcionamiento, la calidad de la p\u00e1gina web puede disminuir e incluso algunas partes de la web no funcionar correctamente.<\/p>\n<p>&nbsp;<\/p>\n<p>En los siguientes enlaces podr\u00e1 encontrar m\u00e1s informaci\u00f3n para los diferentes navegadores:<\/p>\n<ul>\n<li><a href=\"http:\/\/support.google.com\/chrome\/bin\/answer.py?hl=es&amp;answer=95647\" target=\"_blank\">Chrome<\/a><\/li>\n<li><a href=\"http:\/\/support.mozilla.org\/es\/kb\/habilitar-y-deshabilitar-cookies-que-los-sitios-we\" target=\"_blank\">Firefox<\/a><\/li>\n<li><a href=\"http:\/\/windows.microsoft.com\/es-es\/windows7\/how-to-manage-cookies-in-internet-explorer-9\" target=\"_blank\">Explorer<\/a><\/li>\n<li><a href=\"http:\/\/support.apple.com\/kb\/ph5042\" target=\"_blank\">Safari<\/a><\/li>\n<\/ul>\n<\/div>\n<\/div>\n<\/div>\n","protected":false},"excerpt":{"rendered":"<p>\u00bfQu\u00e9 es una cookie? Las cookies son ficheros que se descargan en el terminal (ordenador\/smartphone\/tablet) del usuario al acceder a determinadas p\u00e1ginas web y que se almacenan en la memoria del mismo. Las cookies permiten, entre otras cosas, almacenar y recuperar informaci\u00f3n sobre los h\u00e1bitos de navegaci\u00f3n de un usuario o de su equipo, ver<span class=\"readmore\"><a href=\"https:\/\/backupblog.tigaiga.com\/es\/politica-de-cookies\/\" class=\"more-link\">Continue Reading<span class=\"screen-reader-text\"> &#8220;Pol\u00edtica de cookies&#8221;<\/span><\/a><\/span><\/p>\n","protected":false},"author":2,"featured_media":0,"parent":0,"menu_order":0,"comment_status":"open","ping_status":"open","template":"","meta":{"_s2mail":"","footnotes":""},"class_list":["post-3436","page","type-page","status-publish","hentry"],"_links":{"self":[{"href":"https:\/\/backupblog.tigaiga.com\/es\/wp-json\/wp\/v2\/pages\/3436","targetHints":{"allow":["GET"]}}],"collection":[{"href":"https:\/\/backupblog.tigaiga.com\/es\/wp-json\/wp\/v2\/pages"}],"about":[{"href":"https:\/\/backupblog.tigaiga.com\/es\/wp-json\/wp\/v2\/types\/page"}],"author":[{"embeddable":true,"href":"https:\/\/backupblog.tigaiga.com\/es\/wp-json\/wp\/v2\/users\/2"}],"replies":[{"embeddable":true,"href":"https:\/\/backupblog.tigaiga.com\/es\/wp-json\/wp\/v2\/comments?post=3436"}],"version-history":[{"count":1,"href":"https:\/\/backupblog.tigaiga.com\/es\/wp-json\/wp\/v2\/pages\/3436\/revisions"}],"predecessor-version":[{"id":3437,"href":"https:\/\/backupblog.tigaiga.com\/es\/wp-json\/wp\/v2\/pages\/3436\/revisions\/3437"}],"wp:attachment":[{"href":"https:\/\/backupblog.tigaiga.com\/es\/wp-json\/wp\/v2\/media?parent=3436"}],"curies":[{"name":"wp","href":"https:\/\/api.w.org\/{rel}","templated":true}]}}