{"id":91,"date":"2008-03-08T15:33:04","date_gmt":"2008-03-08T15:33:04","guid":{"rendered":"http:\/\/blog.tigaiga.com\/es\/gracias-gracias\/"},"modified":"2022-04-13T16:55:21","modified_gmt":"2022-04-13T15:55:21","slug":"gracias-gracias","status":"publish","type":"page","link":"https:\/\/backupblog.tigaiga.com\/es\/gracias-gracias\/","title":{"rendered":"Bienvenidos\/as  al Tigaiga y nuestro libro de visitas"},"content":{"rendered":"<p align=\"left\">Gracias, GRACIAS a todos Ustedes celebramos m\u00e1s de 60 a\u00f1os<\/p>\n<p align=\"left\"><img loading=\"lazy\" decoding=\"async\" class=\"alignright wp-image-6302 size-medium\" title=\"logo 50 a\u00f1os-mini\" src=\"https:\/\/blog.tigaiga.com\/es\/wp-content\/uploads\/2022\/04\/Tigaiga-Team-300x200.jpg\" sizes=\"auto, (max-width: 300px) 100vw, 300px\" srcset=\"https:\/\/blog.tigaiga.com\/es\/wp-content\/uploads\/2022\/04\/Tigaiga-Team-300x200.jpg 300w, https:\/\/blog.tigaiga.com\/es\/wp-content\/uploads\/2022\/04\/Tigaiga-Team-1024x683.jpg 1024w, https:\/\/blog.tigaiga.com\/es\/wp-content\/uploads\/2022\/04\/Tigaiga-Team-768x512.jpg 768w, https:\/\/blog.tigaiga.com\/es\/wp-content\/uploads\/2022\/04\/Tigaiga-Team.jpg 1280w\" alt=\"\" width=\"300\" height=\"200\"><\/p>\n<p align=\"left\">En este blog abordamos muchas facetas del hotel: desde an\u00e9cdotas de nuestros clientes y colaboradores del hotel, hasta relaciones con nuestra comunidad. Van acompa\u00f1ados de comentarios muy personales y fotograf\u00edas que van componiendo la peque\u00f1a historia de esta casa.<\/p>\n<p align=\"left\">Seguiremos informando&nbsp;de aquellos acontecimientos y programas que en el Tigaiga y su entorno se vayan organizando.&nbsp;Para los que creemos en el futuro del Tigaiga es este un trabajo&nbsp;que elaboramos con mucho cari\u00f1o y entusiasmo. Esperamos les guste y les anime a visitarnos.<\/p>\n<p>Ser\u00e1 un placer <strong><a href=\"mailto:%20info@tigaiga.com\">compartir recuerdos<\/a>, <\/strong>y cualquier comentario o sugerencia ser\u00e1 bien recibido.<\/p>\n<p>Esperando poder darle pronto la bienvenida, reciban un cordial&nbsp;saludo<\/p>\n<p align=\"center\"><span style=\"color: #3366ff;\">&nbsp;Familia Enrique Talg&nbsp;<\/span><span style=\"color: #3366ff;\">con todo el equipo Tigaiga<\/span><\/p>\n","protected":false},"excerpt":{"rendered":"<p>Gracias, GRACIAS a todos Ustedes celebramos m\u00e1s de 60 a\u00f1os En este blog abordamos muchas facetas del hotel: desde an\u00e9cdotas de nuestros clientes y colaboradores del hotel, hasta relaciones con nuestra comunidad. Van acompa\u00f1ados de comentarios muy personales y fotograf\u00edas que van componiendo la peque\u00f1a historia de esta casa. Seguiremos informando&nbsp;de aquellos acontecimientos y programas<span class=\"readmore\"><a href=\"https:\/\/backupblog.tigaiga.com\/es\/gracias-gracias\/\" class=\"more-link\">Continue Reading<span class=\"screen-reader-text\"> &#8220;Bienvenidos\/as  al Tigaiga y nuestro libro de visitas&#8221;<\/span><\/a><\/span><\/p>\n","protected":false},"author":3,"featured_media":0,"parent":0,"menu_order":0,"comment_status":"open","ping_status":"open","template":"","meta":{"_s2mail":"","footnotes":""},"class_list":["post-91","page","type-page","status-publish","hentry"],"_links":{"self":[{"href":"https:\/\/backupblog.tigaiga.com\/es\/wp-json\/wp\/v2\/pages\/91","targetHints":{"allow":["GET"]}}],"collection":[{"href":"https:\/\/backupblog.tigaiga.com\/es\/wp-json\/wp\/v2\/pages"}],"about":[{"href":"https:\/\/backupblog.tigaiga.com\/es\/wp-json\/wp\/v2\/types\/page"}],"author":[{"embeddable":true,"href":"https:\/\/backupblog.tigaiga.com\/es\/wp-json\/wp\/v2\/users\/3"}],"replies":[{"embeddable":true,"href":"https:\/\/backupblog.tigaiga.com\/es\/wp-json\/wp\/v2\/comments?post=91"}],"version-history":[{"count":15,"href":"https:\/\/backupblog.tigaiga.com\/es\/wp-json\/wp\/v2\/pages\/91\/revisions"}],"predecessor-version":[{"id":6311,"href":"https:\/\/backupblog.tigaiga.com\/es\/wp-json\/wp\/v2\/pages\/91\/revisions\/6311"}],"wp:attachment":[{"href":"https:\/\/backupblog.tigaiga.com\/es\/wp-json\/wp\/v2\/media?parent=91"}],"curies":[{"name":"wp","href":"https:\/\/api.w.org\/{rel}","templated":true}]}}